{"id":1475,"date":"2017-04-21T14:03:05","date_gmt":"2017-04-21T14:03:05","guid":{"rendered":"https:\/\/wp.nkdev.info\/khaki\/?page_id=1475"},"modified":"2023-06-04T13:22:04","modified_gmt":"2023-06-04T18:22:04","slug":"corporate","status":"publish","type":"page","link":"https:\/\/vilaplanafilms.com\/plantadas\/","title":{"rendered":"Plantadas Pel\u00edcula"},"content":{"rendered":"<section class=\"wpb-content-wrapper\"><p>[vc_row css=&#8221;.vc_custom_1493126169396{margin-top: 130px !important;margin-bottom: 80px !important;}&#8221;][vc_column offset=&#8221;vc_col-md-offset-2 vc_col-md-8&#8243;][vc_column_text]<\/p>\n<div class=\"lead\" style=\"text-align: center;\">\n<p><img loading=\"lazy\" decoding=\"async\" class=\"size-medium wp-image-1989 aligncenter\" src=\"https:\/\/vilaplanafilms.com\/plantadas\/wp-content\/uploads\/2023\/01\/PLANATADAS-FILM-LOGO-300x48.png\" alt=\"\" width=\"300\" height=\"48\" srcset=\"https:\/\/vilaplanafilms.com\/plantadas\/wp-content\/uploads\/2023\/01\/PLANATADAS-FILM-LOGO-300x48.png 300w, https:\/\/vilaplanafilms.com\/plantadas\/wp-content\/uploads\/2023\/01\/PLANATADAS-FILM-LOGO-500x80.png 500w, https:\/\/vilaplanafilms.com\/plantadas\/wp-content\/uploads\/2023\/01\/PLANATADAS-FILM-LOGO-48x8.png 48w, https:\/\/vilaplanafilms.com\/plantadas\/wp-content\/uploads\/2023\/01\/PLANATADAS-FILM-LOGO-90x14.png 90w, https:\/\/vilaplanafilms.com\/plantadas\/wp-content\/uploads\/2023\/01\/PLANATADAS-FILM-LOGO-150x24.png 150w, https:\/\/vilaplanafilms.com\/plantadas\/wp-content\/uploads\/2023\/01\/PLANATADAS-FILM-LOGO-200x32.png 200w, https:\/\/vilaplanafilms.com\/plantadas\/wp-content\/uploads\/2023\/01\/PLANATADAS-FILM-LOGO-400x64.png 400w, https:\/\/vilaplanafilms.com\/plantadas\/wp-content\/uploads\/2023\/01\/PLANATADAS-FILM-LOGO-600x96.png 600w, https:\/\/vilaplanafilms.com\/plantadas\/wp-content\/uploads\/2023\/01\/PLANATADAS-FILM-LOGO.png 700w\" sizes=\"auto, (max-width: 300px) 100vw, 300px\" \/><\/p>\n<p class=\"ArticlePage-headline\">&#8220;Plantadas&#8221;, un tributo del cine al presidio pol\u00edtico femenino en Cuba<br \/>\nDirigida por Lilo Vilaplana y Camilo Vilaplana<\/p>\n<\/div>\n<p>[\/vc_column_text][vc_single_image image=&#8221;2525&#8243; img_size=&#8221;full&#8221; alignment=&#8221;center&#8221;][\/vc_column][\/vc_row][vc_row full_width=&#8221;stretch_row&#8221; equal_height=&#8221;yes&#8221; content_placement=&#8221;middle&#8221; awb_type=&#8221;color&#8221; awb_stretch=&#8221;1&#8243; awb_color=&#8221;#0e0e0e&#8221;][vc_column width=&#8221;1\/4&#8243; offset=&#8221;vc_col-md-5&#8243; el_class=&#8221;text-white&#8221;]<h2 class=' h1 text-left vc_custom_1675026185597 '>Plantadas<\/h2><h3 class='nk-sub-title h6 text-left vc_custom_1679275082879 '>Sus derechos fueron violados<\/h3>[vc_column_text css=&#8221;.vc_custom_1679275090638{margin-top: -10px !important;margin-bottom: 100px !important;}&#8221;]Alina, Luisa y Am\u00e9rica son tres mujeres que luego de luchar para restablecer la democracia en su pa\u00eds, se sienten traicionadas por el l\u00edder de la revoluci\u00f3n y las tres j\u00f3venes, cada una por su lado, comienzan a enfrentarse al nuevo sistema.<\/p>\n<p>Por distintos motivos caen en prisi\u00f3n y sus vidas se entrelazan en el infortunio que viven dentro de esas mazmorras donde son violados los derechos humanos, sin respetar su condici\u00f3n de ser mujeres.<\/p>\n<p>PLANTADAS es un homenaje a estas mujeres que pasaron los mejores a\u00f1os de sus vidas en cautiverio por la causa de la libertad de Cuba.[\/vc_column_text][\/vc_column][vc_column width=&#8221;3\/4&#8243; css=&#8221;.vc_custom_1675030203157{margin-right: -80px !important;margin-left: -80px !important;padding-top: 160px !important;padding-bottom: 160px !important;}&#8221; offset=&#8221;vc_col-md-offset-1 vc_col-md-6&#8243; el_class=&#8221;text-center&#8221;][vc_video link=&#8221;https:\/\/www.youtube.com\/watch?v=zrPn6-dz4rA&#8221; align=&#8221;center&#8221;][\/vc_column][\/vc_row][vc_row css=&#8221;.vc_custom_1679275320862{padding-top: 80px !important;padding-bottom: 100px !important;}&#8221;][vc_column]<h3 class=' nk-title-back text-center '>Prensa<\/h3><h2 class=' nk-title text-center '>Notas<\/h2>[\/vc_column][\/vc_row][vc_row][vc_column]        <div class=\"  nk-blog-list\">                                                 <div id=\"post-2553\" class=\"nk-blog-post news-one post-2553 post type-post status-publish format-gallery hentry category-prensa post_format-post-format-gallery\" style=\"margin-bottom:65px\">\n                                        <div class=\"row vertical-gap\">\n                        <div class=\"col-lg-5\"><div class=\"nk-carousel-3 nk-carousel-all-visible \" data-size=\"1\">\n                    <div class=\"nk-carousel-inner nk-popup-gallery\">\n                    <div><div>\n                                    <a href=\"https:\/\/vilaplanafilms.com\/plantadas\/wp-content\/uploads\/2023\/06\/Plantadas-de-Lilo-Vilaplana.2.jpeg\" class=\"nk-gallery-item\" data-size=\"1200x682\"><img decoding=\"async\" src=\"https:\/\/vilaplanafilms.com\/plantadas\/wp-content\/uploads\/2023\/06\/Plantadas-de-Lilo-Vilaplana.2-800x455.jpeg\" alt=\"\" class=\"\"><\/a>\n                                <\/div><\/div><div><div>\n                                    <a href=\"https:\/\/vilaplanafilms.com\/plantadas\/wp-content\/uploads\/2023\/06\/Plantadas-de-Lilo-Vilaplana1.jpeg\" class=\"nk-gallery-item\" data-size=\"1200x682\"><img decoding=\"async\" src=\"https:\/\/vilaplanafilms.com\/plantadas\/wp-content\/uploads\/2023\/06\/Plantadas-de-Lilo-Vilaplana1-800x455.jpeg\" alt=\"\" class=\"\"><\/a>\n                                <\/div><\/div>\n                    <\/div>\n                <\/div><\/div>                        <div class=\"col-lg-7\">\n                            <div class=\"nk-post-meta nk-post-meta-top pb-0\">\n                                <div class=\"nk-post-date nk-post-meta-right\">\n                                    mayo 4, 2023                                     <span class=\"nk-post-by\">by                                        <a href=\"https:\/\/vilaplanafilms.com\/plantadas\/author\/userplanadasf2023\/\">\n                                            Vilaplana Films                                        <\/a>\n                                    <\/span>\n                                <\/div>\n                            <\/div>\n\n                                <div class=\"nk-post-category\">\n        In                     <a href=\"https:\/\/vilaplanafilms.com\/plantadas\/category\/prensa\/\">Prensa<\/a>\n                        <\/div>\n\n                            <h2 class=\"nk-post-title \"><a href=\"https:\/\/vilaplanafilms.com\/plantadas\/plantadas-de-lilo-vilaplana-logra-cumplir-2-meses-en-carteleras-de-miami\/\" rel=\"bookmark\">\u2018Plantadas\u2019 de Lilo Vilaplana logra cumplir 2 meses en carteleras de Miami<\/a><\/h2>                                                                                        <div class=\"nk-post-text\">\n                                    [vc_row][vc_column][vc_column_text] Plantadas se ha mantenido con buena afluencia a pesar de haber atravesado temporadas con estrenos de Marvel o el \u00e9xito taquillero infantil\u00a0Mario Bros. (Fotograma: Vilaplana Films) La pel\u00edcula\u00a0Plantadas, del director cubano Lilo Vilaplana, fue renovada para una semana m\u00e1s en las carteleras de cine de Miami, logrando mantenerse por dos meses consecutivos en exhibici\u00f3n. La cinta ha resultado un...                                <\/div>\n                            \n                            <div class=\"nk-post-continue text-left\">\n                                <a href=\"https:\/\/vilaplanafilms.com\/plantadas\/plantadas-de-lilo-vilaplana-logra-cumplir-2-meses-en-carteleras-de-miami\/\" class=\"link-effect-4\">\n                                    Continue Reading                                    <span class=\"ion-ios-arrow-round-forward\"><\/span>\n                                <\/a>\n                            <\/div>\n                        <\/div>\n                    <\/div>\n                                    <\/div>\n                                                                                <div id=\"post-2548\" class=\"nk-blog-post news-one post-2548 post type-post status-publish format-gallery hentry category-prensa post_format-post-format-gallery\" style=\"margin-bottom:65px\">\n                                        <div class=\"row vertical-gap\">\n                        <div class=\"col-lg-5\"><div class=\"nk-carousel-3 nk-carousel-all-visible \" data-size=\"1\">\n                    <div class=\"nk-carousel-inner nk-popup-gallery\">\n                    <div><div>\n                                    <a href=\"https:\/\/vilaplanafilms.com\/plantadas\/wp-content\/uploads\/2023\/06\/Plantadas-de-Lilo.-Fotograma.-Vilaplana-Films.jpeg\" class=\"nk-gallery-item\" data-size=\"1200x672\"><img decoding=\"async\" src=\"https:\/\/vilaplanafilms.com\/plantadas\/wp-content\/uploads\/2023\/06\/Plantadas-de-Lilo.-Fotograma.-Vilaplana-Films-800x448.jpeg\" alt=\"\" class=\"\"><\/a>\n                                <\/div><\/div><div><div>\n                                    <a href=\"https:\/\/vilaplanafilms.com\/plantadas\/wp-content\/uploads\/2023\/06\/plantadas22.jpeg\" class=\"nk-gallery-item\" data-size=\"1200x672\"><img decoding=\"async\" src=\"https:\/\/vilaplanafilms.com\/plantadas\/wp-content\/uploads\/2023\/06\/plantadas22-800x448.jpeg\" alt=\"\" class=\"\"><\/a>\n                                <\/div><\/div>\n                    <\/div>\n                <\/div><\/div>                        <div class=\"col-lg-7\">\n                            <div class=\"nk-post-meta nk-post-meta-top pb-0\">\n                                <div class=\"nk-post-date nk-post-meta-right\">\n                                    mayo 1, 2023                                     <span class=\"nk-post-by\">by                                        <a href=\"https:\/\/vilaplanafilms.com\/plantadas\/author\/userplanadasf2023\/\">\n                                            Vilaplana Films                                        <\/a>\n                                    <\/span>\n                                <\/div>\n                            <\/div>\n\n                                <div class=\"nk-post-category\">\n        In                     <a href=\"https:\/\/vilaplanafilms.com\/plantadas\/category\/prensa\/\">Prensa<\/a>\n                        <\/div>\n\n                            <h2 class=\"nk-post-title \"><a href=\"https:\/\/vilaplanafilms.com\/plantadas\/plantadas-la-primera-pelicula-del-exilio-en-mantenerse-2-meses-en-cines-de-miami\/\" rel=\"bookmark\">\u2018Plantadas\u2019: la primera pel\u00edcula del exilio en mantenerse 2 meses en cines de Miami<\/a><\/h2>                                                                                        <div class=\"nk-post-text\">\n                                    [vc_row][vc_column][vc_column_text]La cinta\u00a0Plantadas, del director cubano Lilo Vilaplana, se ha convertido en la primera pel\u00edcula del exilio en conseguir mantenerse por 2 meses consecutivos en cines de Miami. El filme consigui\u00f3 renovaciones de su tiempo en exhibici\u00f3n gracias a la gran afluencia del p\u00fablico, que se han dado semana tras semana desde su estreno en marzo pasado, y\u00a0que incluye a otros...                                <\/div>\n                            \n                            <div class=\"nk-post-continue text-left\">\n                                <a href=\"https:\/\/vilaplanafilms.com\/plantadas\/plantadas-la-primera-pelicula-del-exilio-en-mantenerse-2-meses-en-cines-de-miami\/\" class=\"link-effect-4\">\n                                    Continue Reading                                    <span class=\"ion-ios-arrow-round-forward\"><\/span>\n                                <\/a>\n                            <\/div>\n                        <\/div>\n                    <\/div>\n                                    <\/div>\n                                                                                <div id=\"post-2557\" class=\"nk-blog-post news-one post-2557 post type-post status-publish format-gallery hentry category-prensa post_format-post-format-gallery\" style=\"margin-bottom:65px\">\n                                        <div class=\"row vertical-gap\">\n                        <div class=\"col-lg-5\"><div class=\"nk-carousel-3 nk-carousel-all-visible \" data-size=\"1\">\n                    <div class=\"nk-carousel-inner nk-popup-gallery\">\n                    <div><div>\n                                    <a href=\"https:\/\/vilaplanafilms.com\/plantadas\/wp-content\/uploads\/2023\/06\/Cineasta-Lilo-Vilaplana1.jpeg\" class=\"nk-gallery-item\" data-size=\"1200x800\"><img decoding=\"async\" src=\"https:\/\/vilaplanafilms.com\/plantadas\/wp-content\/uploads\/2023\/06\/Cineasta-Lilo-Vilaplana1-800x533.jpeg\" alt=\"\" class=\"\"><\/a>\n                                <\/div><\/div><div><div>\n                                    <a href=\"https:\/\/vilaplanafilms.com\/plantadas\/wp-content\/uploads\/2023\/06\/Cineasta-Lilo-Vilaplana2.jpeg\" class=\"nk-gallery-item\" data-size=\"1200x800\"><img decoding=\"async\" src=\"https:\/\/vilaplanafilms.com\/plantadas\/wp-content\/uploads\/2023\/06\/Cineasta-Lilo-Vilaplana2-800x533.jpeg\" alt=\"\" class=\"\"><\/a>\n                                <\/div><\/div>\n                    <\/div>\n                <\/div><\/div>                        <div class=\"col-lg-7\">\n                            <div class=\"nk-post-meta nk-post-meta-top pb-0\">\n                                <div class=\"nk-post-date nk-post-meta-right\">\n                                    abril 18, 2023                                     <span class=\"nk-post-by\">by                                        <a href=\"https:\/\/vilaplanafilms.com\/plantadas\/author\/userplanadasf2023\/\">\n                                            Vilaplana Films                                        <\/a>\n                                    <\/span>\n                                <\/div>\n                            <\/div>\n\n                                <div class=\"nk-post-category\">\n        In                     <a href=\"https:\/\/vilaplanafilms.com\/plantadas\/category\/prensa\/\">Prensa<\/a>\n                        <\/div>\n\n                            <h2 class=\"nk-post-title \"><a href=\"https:\/\/vilaplanafilms.com\/plantadas\/plantadas-llega-a-bahamas-lilo-vilaplana-homenajea-a-las-victimas-del-castrismo-en-ese-pais\/\" rel=\"bookmark\">\u2018Plantadas\u2019 llega a Bahamas: Lilo Vilaplana homenajea a las v\u00edctimas del castrismo en ese pa\u00eds<\/a><\/h2>                                                                                        <div class=\"nk-post-text\">\n                                    [vc_row][vc_column][vc_column_text] El cineasta cubano asisti\u00f3 junto con su esposa, Irasema Otero al primer evento internacional de su obra Plantadas. (Cortes\u00eda: Lilo Vilaplana) La pel\u00edcula\u00a0Plantadas\u00a0del director cubano Lilo Vilaplana asisti\u00f3 este fin de semana al Island House Film Festival, en Las Bahamas. El cineasta cubano asisti\u00f3 junto con su esposa, Irasema Otero, y la joven actriz Rachel Vallero, una de las...                                <\/div>\n                            \n                            <div class=\"nk-post-continue text-left\">\n                                <a href=\"https:\/\/vilaplanafilms.com\/plantadas\/plantadas-llega-a-bahamas-lilo-vilaplana-homenajea-a-las-victimas-del-castrismo-en-ese-pais\/\" class=\"link-effect-4\">\n                                    Continue Reading                                    <span class=\"ion-ios-arrow-round-forward\"><\/span>\n                                <\/a>\n                            <\/div>\n                        <\/div>\n                    <\/div>\n                                    <\/div>\n                                        <\/div>\n\n        <div class=\"clearfix\"><\/div>\n                <div class=\"nk-gap-4\"><\/div>\n        <div class=\"nk-gap-3\"><\/div>\n        \n        [\/vc_column][vc_column el_class=&#8221;text-center&#8221;]<a href=\"https:\/\/vilaplanafilms.com\/plantadas\/notas-de-prensa\/\" title=\"Notas de prensa\" class=\"nk-btn  nk-btn-color-dark-1 nk-btn-effect-5-left nk-btn-circle vc_custom_1675029464404 \"><span>Ver todas<\/span><\/a>[\/vc_column][\/vc_row][vc_row full_width=&#8221;stretch_row&#8221; awb_type=&#8221;color&#8221; awb_color=&#8221;#2d2d2d&#8221;][vc_column][vc_row_inner content_placement=&#8221;middle&#8221; gap=&#8221;35&#8243; css=&#8221;.vc_custom_1494228299734{padding-top: 45px !important;}&#8221;][vc_column_inner offset=&#8221;vc_col-md-7&#8243;]<div class=\"nk-image-box\">\n                    \n                    <img decoding=\"async\" src=\"https:\/\/vilaplanafilms.com\/plantadas\/wp-content\/uploads\/2023\/01\/poster.jpg\" alt=\"\" >\n                                      \n                <\/div>[\/vc_column_inner][vc_column_inner offset=&#8221;vc_col-md-5&#8243;]<h2 class=' nk-title h3 text-left '><span style=\"color: #ffffff;\">Plantadas<\/span><\/h2><div class=\" vc_custom_1675029127004 \"><p class=\"lead\"><span style=\"color: #ffffff;\">Es un obra del coraz\u00f3n, una obra muy importante para honrar a las mujeres presas pol\u00edticas v\u00edctimas del comunismo.<\/span><\/p>\n<p class=\"lead\"><span style=\"color: #ffffff;\">Muestra las dificultades que enfrentaron las mujeres cubanas que lucharon contra Fidel Castro a principios de la revoluci\u00f3n en los a\u00f1os 60s.<\/span><\/p>\n<p class=\"lead\"><span style=\"color: #ffffff;\">Armadas de convicci\u00f3n y valent\u00eda estas madres, hermanas, nietas y esposas pagaron el precio de sacrificar su propia libertad por la libertad de su patria.<\/span><\/p>\n<p class=\"lead\"><span style=\"color: #ffffff;\">La pel\u00edcula es una denuncia contra los cr\u00edmenes del castrismo contra la mujer Cubana. Es una pel\u00edcula de ficci\u00f3n inspirada en hechos reales. de su patria.<\/span><\/p>\n<\/div><h3 class=' h5 text-left vc_custom_1675026761903 '><span style=\"color: #ffffff;\">PLANTADAS<\/span><\/h3><div class=\" \"><p><span style=\"color: #ffffff;\">Un homenaje a estas mujeres que pasaron los mejores a\u00f1os de sus vidas en cautiverio por la causa de la libertad de Cuba.<\/span><\/p>\n<\/div>[\/vc_column_inner][\/vc_row_inner][\/vc_column][\/vc_row]<\/p>\n<\/section>","protected":false},"excerpt":{"rendered":"<p>[vc_row css=&#8221;.vc_custom_1493126169396{margin-top: 130px !important;margin-bottom: 80px !important;}&#8221;][vc_column offset=&#8221;vc_col-md-offset-2 vc_col-md-8&#8243;][vc_column_text] &#8220;Plantadas&#8221;, un tributo del cine al presidio pol\u00edtico femenino en Cuba Dirigida por Lilo Vilaplana y Camilo Vilaplana [\/vc_column_text][vc_single_image image=&#8221;2525&#8243; img_size=&#8221;full&#8221; alignment=&#8221;center&#8221;][\/vc_column][\/vc_row][vc_row full_width=&#8221;stretch_row&#8221; equal_height=&#8221;yes&#8221; content_placement=&#8221;middle&#8221; awb_type=&#8221;color&#8221; awb_stretch=&#8221;1&#8243; awb_color=&#8221;#0e0e0e&#8221;][vc_column width=&#8221;1\/4&#8243; offset=&#8221;vc_col-md-5&#8243; el_class=&#8221;text-white&#8221;][vc_column_text css=&#8221;.vc_custom_1679275090638{margin-top: -10px !important;margin-bottom: 100px !important;}&#8221;]Alina, Luisa y Am\u00e9rica son tres mujeres que luego de luchar para [&hellip;]<\/p>\n","protected":false},"author":1,"featured_media":2018,"parent":0,"menu_order":0,"comment_status":"closed","ping_status":"closed","template":"","meta":{"footnotes":""},"class_list":["post-1475","page","type-page","status-publish","has-post-thumbnail","hentry"],"acf":[],"_links":{"self":[{"href":"https:\/\/vilaplanafilms.com\/plantadas\/wp-json\/wp\/v2\/pages\/1475","targetHints":{"allow":["GET"]}}],"collection":[{"href":"https:\/\/vilaplanafilms.com\/plantadas\/wp-json\/wp\/v2\/pages"}],"about":[{"href":"https:\/\/vilaplanafilms.com\/plantadas\/wp-json\/wp\/v2\/types\/page"}],"author":[{"embeddable":true,"href":"https:\/\/vilaplanafilms.com\/plantadas\/wp-json\/wp\/v2\/users\/1"}],"replies":[{"embeddable":true,"href":"https:\/\/vilaplanafilms.com\/plantadas\/wp-json\/wp\/v2\/comments?post=1475"}],"version-history":[{"count":67,"href":"https:\/\/vilaplanafilms.com\/plantadas\/wp-json\/wp\/v2\/pages\/1475\/revisions"}],"predecessor-version":[{"id":2526,"href":"https:\/\/vilaplanafilms.com\/plantadas\/wp-json\/wp\/v2\/pages\/1475\/revisions\/2526"}],"wp:featuredmedia":[{"embeddable":true,"href":"https:\/\/vilaplanafilms.com\/plantadas\/wp-json\/wp\/v2\/media\/2018"}],"wp:attachment":[{"href":"https:\/\/vilaplanafilms.com\/plantadas\/wp-json\/wp\/v2\/media?parent=1475"}],"curies":[{"name":"wp","href":"https:\/\/api.w.org\/{rel}","templated":true}]}}